{"id":8372,"date":"2025-12-09T22:07:06","date_gmt":"2025-12-09T15:07:06","guid":{"rendered":"https:\/\/www.eurogroupconsulting.com\/?page_id=8372"},"modified":"2025-12-10T15:48:54","modified_gmt":"2025-12-10T14:48:54","slug":"legal-notice","status":"publish","type":"page","link":"https:\/\/www.eurogroupconsulting.com\/en\/mentions-legales","title":{"rendered":"Legal Notice"},"content":{"rendered":"<div data-elementor-type=\"wp-page\" data-elementor-id=\"8372\" class=\"elementor elementor-8372\" data-elementor-post-type=\"page\">\n\t\t\t\t<div class=\"elementor-element elementor-element-d8dc695 overlay-gradient hero e-flex e-con-boxed e-con e-parent\" data-id=\"d8dc695\" data-element_type=\"container\" data-e-type=\"container\" data-settings=\"{&quot;background_background&quot;:&quot;classic&quot;}\">\n\t\t\t\t\t<div class=\"e-con-inner\">\n\t\t<div class=\"elementor-element elementor-element-5dac0df e-con-full e-flex e-con e-child\" data-id=\"5dac0df\" data-element_type=\"container\" data-e-type=\"container\">\n\t\t\t\t<div class=\"elementor-element elementor-element-89468c1 elementor-align-left elementor-widget elementor-widget-breadcrumbs\" data-id=\"89468c1\" data-element_type=\"widget\" data-e-type=\"widget\" data-widget_type=\"breadcrumbs.default\">\n\t\t\t\t\t<nav id=\"breadcrumbs\"><span><span><a href=\"https:\/\/www.eurogroupconsulting.com\/en\/\">Home<\/a><\/span><\/span><\/nav>\t\t\t\t<\/div>\n\t\t\t\t<div class=\"elementor-element elementor-element-a87e02f elementor-widget elementor-widget-heading\" data-id=\"a87e02f\" data-element_type=\"widget\" data-e-type=\"widget\" data-widget_type=\"heading.default\">\n\t\t\t\t\t<h1 class=\"elementor-heading-title elementor-size-default\">Terms of use<\/h1>\t\t\t\t<\/div>\n\t\t\t\t<\/div>\n\t\t\t\t\t<\/div>\n\t\t\t\t<\/div>\n\t\t<div class=\"elementor-element elementor-element-bab47b7 e-flex e-con-boxed e-con e-parent\" data-id=\"bab47b7\" data-element_type=\"container\" data-e-type=\"container\">\n\t\t\t\t\t<div class=\"e-con-inner\">\n\t\t<div class=\"elementor-element elementor-element-c136336 e-con-full e-flex e-con e-child\" data-id=\"c136336\" data-element_type=\"container\" data-e-type=\"container\">\n\t\t<div class=\"elementor-element elementor-element-8ecc825 e-con-full e-flex e-con e-child\" data-id=\"8ecc825\" data-element_type=\"container\" data-e-type=\"container\">\n\t\t\t\t<div class=\"elementor-element elementor-element-26b0039 elementor-widget__width-inherit elementor-widget elementor-widget-text-editor\" data-id=\"26b0039\" data-element_type=\"widget\" data-e-type=\"widget\" data-widget_type=\"text-editor.default\">\n\t\t\t\t\t\t\t\t\t<p><b><span data-contrast=\"auto\">Publisher:\u00a0<\/span><\/b><span data-ccp-props=\"{&quot;335551550&quot;:6,&quot;335551620&quot;:6}\">\u00a0<\/span><\/p><p><span data-contrast=\"auto\">Eurogroup Consulting, a soci\u00e9t\u00e9 par actions simplifi\u00e9e (simplified joint stock company) with variable share capital and a minimum share capital of \u20ac450,000, located at 25 quai du Pr\u00e9sident Paul Doumer, 92400, Courbevoie, registered in the Nanterre Trade and Companies Register under number 323 912 998, FR87323912998.<\/span><span data-ccp-props=\"{&quot;335551550&quot;:6,&quot;335551620&quot;:6}\">\u00a0<\/span><\/p><p><span data-contrast=\"auto\">Telephone: 01 49 07 57 00\u00a0<\/span><span data-ccp-props=\"{&quot;335551550&quot;:6,&quot;335551620&quot;:6}\">\u00a0<\/span><\/p><p><span data-contrast=\"auto\">E-mail address : <a href=\"mailto:contact@eurogroupconsulting.com\">contact@eurogroupconsulting.com<\/a><\/span><span data-ccp-props=\"{&quot;335551550&quot;:6,&quot;335551620&quot;:6}\">\u00a0<\/span><\/p><p><span data-contrast=\"auto\">Publication manager: Claudia MONTERO, President\u00a0<\/span><span data-ccp-props=\"{&quot;335551550&quot;:6,&quot;335551620&quot;:6}\">\u00a0<\/span><\/p><p><span data-ccp-props=\"{&quot;335551550&quot;:6,&quot;335551620&quot;:6}\">\u00a0<\/span><\/p><p><b><span data-contrast=\"auto\">Hosted by :\u00a0<\/span><\/b><span data-ccp-props=\"{&quot;335551550&quot;:6,&quot;335551620&quot;:6}\">\u00a0<\/span><\/p><p><span data-contrast=\"auto\">OVH Cloud, simplified joint stock company<\/span><span data-ccp-props=\"{&quot;335551550&quot;:6,&quot;335551620&quot;:6}\">\u00a0<\/span><\/p><p><span data-contrast=\"auto\">with share capital of \u20ac50,000,000, located at 2 rue Kellerman, 59100 Roubaix, France, registered with the Lille Trade and Companies Register under number 424 761 419 <\/span><span data-ccp-props=\"{&quot;335551550&quot;:6,&quot;335551620&quot;:6}\">\u00a0<\/span><\/p><p><span data-ccp-props=\"{&quot;335551550&quot;:6,&quot;335551620&quot;:6}\">\u00a0<\/span><\/p><p><b><span data-contrast=\"auto\">Rights protected :<\/span><\/b><span data-ccp-props=\"{&quot;335551550&quot;:6,&quot;335551620&quot;:6}\">\u00a0<\/span><\/p><p><span data-contrast=\"auto\">Eurogroup Consulting is the owner or holds the operating licenses for the content of the site (architecture, texts, photographs, illustrations, software, etc.) and downloadable documents are the property of Eurogroup Consulting or its technical service providers. All rights of use are reserved. In accordance with article L.122-4 of the French Intellectual Property Code, any representation or reproduction not expressly authorized, in whole or in part and by any process whatsoever, is illegal and constitutes an infringement punishable by articles L.335-2 et seq. of the French Intellectual Property Code.<\/span><span data-ccp-props=\"{&quot;335551550&quot;:6,&quot;335551620&quot;:6}\">\u00a0<\/span><\/p><p><span data-contrast=\"auto\">Photo\/video credits: Bont\u00e9 Divine, Envato\u00a0<\/span><span data-ccp-props=\"{&quot;335551550&quot;:6,&quot;335551620&quot;:6}\">\u00a0<\/span><\/p><p><span data-ccp-props=\"{&quot;335551550&quot;:6,&quot;335551620&quot;:6}\">\u00a0<\/span><\/p><p><b><span data-contrast=\"auto\">Responsibility :<\/span><\/b><span data-ccp-props=\"{&quot;335551550&quot;:6,&quot;335551620&quot;:6}\">\u00a0<\/span><\/p><p><span data-contrast=\"auto\">This site may provide links to sites other than those of Eurogroup Consulting. These sites are independent of the Eurogroup Consulting site, which does not edit or control the sources or content of these sites or their links to other sites. Links to these sites do not in any way constitute approval, validation or endorsement by Eurogroup Consulting of the content of these sites.<\/span><span data-ccp-props=\"{&quot;335551550&quot;:6,&quot;335551620&quot;:6}\">\u00a0<\/span><\/p><p><span data-ccp-props=\"{&quot;335551550&quot;:6,&quot;335551620&quot;:6}\">\u00a0<\/span><\/p><p><b><span data-contrast=\"auto\">Cookies :<\/span><\/b><span data-ccp-props=\"{&quot;335551550&quot;:6,&quot;335551620&quot;:6}\">\u00a0<\/span><\/p><p><span data-contrast=\"auto\">This site contains small text files called cookies. Cookies store small amounts of information and are downloaded to your computer or other device by a website server. Your browser then sends these cookies to the site each time you visit, so that it can recognize you as a unique visitor and remember some information, such as your user preferences.\u00a0<\/span><span data-ccp-props=\"{&quot;335551550&quot;:6,&quot;335551620&quot;:6}\">\u00a0<\/span><\/p><p><span data-contrast=\"auto\">The purpose of these cookies is to ensure the smooth operation of the site and, with your consent, to measure its audience. None of these cookies are used to provide targeted advertising to visitors.<\/span><span data-ccp-props=\"{&quot;335551550&quot;:6,&quot;335551620&quot;:6}\">\u00a0<\/span><\/p><p><span data-contrast=\"auto\">Each cookie includes an identifier indicating its sender. Some cookies are placed directly by us on the site and are referred to as \u00abinternal cookies\u00bb. Others are placed by partner organizations with our agreement and are referred to as \u00abthird-party cookies\u00bb. We use Matomo to measure the audience and performance of our site.\u00a0<\/span><span data-ccp-props=\"{&quot;335551550&quot;:6,&quot;335551620&quot;:6}\">\u00a0<\/span><\/p><p><span data-contrast=\"auto\">Cookies subject to consent are kept for a maximum of thirteen months, and technical data required for site security and operation (logs) may be kept for up to twelve months.<\/span><span data-ccp-props=\"{&quot;335551550&quot;:6,&quot;335551620&quot;:6}\">\u00a0<\/span><\/p><p><span data-contrast=\"auto\">We use several types of cookies: strictly necessary for the operation of the website and for site performance. Strictly necessary cookies cannot be deactivated, and no personal data is stored.\u00a0<\/span><span data-ccp-props=\"{&quot;335551550&quot;:6,&quot;335551620&quot;:6}\">\u00a0<\/span><\/p><p><span data-contrast=\"auto\">You can modify your preferences at any time by clicking on the \u00abModify my preferences\u00bb tab at the bottom of the site. <\/span><span data-ccp-props=\"{&quot;335551550&quot;:6,&quot;335551620&quot;:6}\">\u00a0<\/span><\/p><p><span data-contrast=\"auto\">Please contact us at <\/span><a href=\"mailto:privacy@eurogroupconsulting.com\"><span data-contrast=\"none\">privacy@eurogroupconsulting.com<\/span><\/a><span data-contrast=\"auto\"> for further information.<\/span><span data-ccp-props=\"{&quot;335551550&quot;:6,&quot;335551620&quot;:6}\">\u00a0<\/span><\/p>\t\t\t\t\t\t\t\t<\/div>\n\t\t\t\t<\/div>\n\t\t\t\t<\/div>\n\t\t\t\t\t<\/div>\n\t\t\t\t<\/div>\n\t\t\t\t<\/div>","protected":false},"excerpt":{"rendered":"<p>Mentions l\u00e9gales Editeur\u202f:\u00a0\u00a0 Eurogroup Consulting, soci\u00e9t\u00e9 par actions simplifi\u00e9e \u00e0 capital social variable au capital social minimum de 450 000 \u20ac, situ\u00e9 au 25 quai du Pr\u00e9sident Paul Doumer, 92400, Courbevoie, immatricul\u00e9e au RCS de Nanterre sous le num\u00e9ro 323 912 998, FR87323912998\u00a0 T\u00e9l\u00e9phone\u202f: 01 49 07 57 00\u00a0\u00a0 Adresse \u00e9lectronique\u202f: contact@eurogroupconsulting.com\u00a0 Directrice de la [&hellip;]<\/p>\n","protected":false},"author":1,"featured_media":5628,"parent":0,"menu_order":0,"comment_status":"closed","ping_status":"closed","template":"","meta":{"_acf_changed":false,"footnotes":""},"class_list":["post-8372","page","type-page","status-publish","has-post-thumbnail","hentry"],"acf":[],"yoast_head":"<!-- This site is optimized with the Yoast SEO plugin v27.3 - https:\/\/yoast.com\/product\/yoast-seo-wordpress\/ -->\n<title>Mentions Legales - Eurogroup Consulting<\/title>\n<meta name=\"robots\" content=\"index, follow, max-snippet:-1, max-image-preview:large, max-video-preview:-1\" \/>\n<link rel=\"canonical\" href=\"https:\/\/www.eurogroupconsulting.com\/en\/legal-notice\" \/>\n<meta property=\"og:locale\" content=\"en_US\" \/>\n<meta property=\"og:type\" content=\"article\" \/>\n<meta property=\"og:title\" content=\"Mentions Legales - Eurogroup Consulting\" \/>\n<meta property=\"og:description\" content=\"Mentions l\u00e9gales Editeur\u202f:\u00a0\u00a0 Eurogroup Consulting, soci\u00e9t\u00e9 par actions simplifi\u00e9e \u00e0 capital social variable au capital social minimum de 450 000 \u20ac, situ\u00e9 au 25 quai du Pr\u00e9sident Paul Doumer, 92400, Courbevoie, immatricul\u00e9e au RCS de Nanterre sous le num\u00e9ro 323 912 998, FR87323912998\u00a0 T\u00e9l\u00e9phone\u202f: 01 49 07 57 00\u00a0\u00a0 Adresse \u00e9lectronique\u202f: contact@eurogroupconsulting.com\u00a0 Directrice de la [&hellip;]\" \/>\n<meta property=\"og:url\" content=\"https:\/\/www.eurogroupconsulting.com\/en\/legal-notice\" \/>\n<meta property=\"og:site_name\" content=\"Eurogroup Consulting\" \/>\n<meta property=\"article:modified_time\" content=\"2025-12-10T14:48:54+00:00\" \/>\n<meta property=\"og:image\" content=\"https:\/\/www.eurogroupconsulting.com\/wp-content\/uploads\/2025\/09\/empty-thumbnail.webp\" \/>\n\t<meta property=\"og:image:width\" content=\"1000\" \/>\n\t<meta property=\"og:image:height\" content=\"563\" \/>\n\t<meta property=\"og:image:type\" content=\"image\/webp\" \/>\n<meta name=\"twitter:card\" content=\"summary_large_image\" \/>\n<meta name=\"twitter:label1\" content=\"Est. reading time\" \/>\n\t<meta name=\"twitter:data1\" content=\"3 minutes\" \/>\n<script type=\"application\/ld+json\" class=\"yoast-schema-graph\">{\"@context\":\"https:\\\/\\\/schema.org\",\"@graph\":[{\"@type\":\"WebPage\",\"@id\":\"https:\\\/\\\/www.eurogroupconsulting.com\\\/en\\\/mentions-legales\",\"url\":\"https:\\\/\\\/www.eurogroupconsulting.com\\\/en\\\/mentions-legales\",\"name\":\"Mentions Legales - Eurogroup Consulting\",\"isPartOf\":{\"@id\":\"https:\\\/\\\/www.eurogroupconsulting.com\\\/en\\\/#website\"},\"primaryImageOfPage\":{\"@id\":\"https:\\\/\\\/www.eurogroupconsulting.com\\\/en\\\/mentions-legales#primaryimage\"},\"image\":{\"@id\":\"https:\\\/\\\/www.eurogroupconsulting.com\\\/en\\\/mentions-legales#primaryimage\"},\"thumbnailUrl\":\"https:\\\/\\\/www.eurogroupconsulting.com\\\/wp-content\\\/uploads\\\/2025\\\/09\\\/empty-thumbnail.webp\",\"datePublished\":\"2025-12-09T15:07:06+00:00\",\"dateModified\":\"2025-12-10T14:48:54+00:00\",\"breadcrumb\":{\"@id\":\"https:\\\/\\\/www.eurogroupconsulting.com\\\/en\\\/mentions-legales#breadcrumb\"},\"inLanguage\":\"en-US\",\"potentialAction\":[{\"@type\":\"ReadAction\",\"target\":[\"https:\\\/\\\/www.eurogroupconsulting.com\\\/en\\\/mentions-legales\"]}]},{\"@type\":\"ImageObject\",\"inLanguage\":\"en-US\",\"@id\":\"https:\\\/\\\/www.eurogroupconsulting.com\\\/en\\\/mentions-legales#primaryimage\",\"url\":\"https:\\\/\\\/www.eurogroupconsulting.com\\\/wp-content\\\/uploads\\\/2025\\\/09\\\/empty-thumbnail.webp\",\"contentUrl\":\"https:\\\/\\\/www.eurogroupconsulting.com\\\/wp-content\\\/uploads\\\/2025\\\/09\\\/empty-thumbnail.webp\",\"width\":1000,\"height\":563},{\"@type\":\"BreadcrumbList\",\"@id\":\"https:\\\/\\\/www.eurogroupconsulting.com\\\/en\\\/mentions-legales#breadcrumb\",\"itemListElement\":[{\"@type\":\"ListItem\",\"position\":1,\"name\":\"Home\",\"item\":\"https:\\\/\\\/www.eurogroupconsulting.com\\\/\"},{\"@type\":\"ListItem\",\"position\":2,\"name\":\"Mentions Legales\"}]},{\"@type\":\"WebSite\",\"@id\":\"https:\\\/\\\/www.eurogroupconsulting.com\\\/en\\\/#website\",\"url\":\"https:\\\/\\\/www.eurogroupconsulting.com\\\/en\\\/\",\"name\":\"Eurogroup Consulting\",\"description\":\"Leading Positive Transformation\",\"publisher\":{\"@id\":\"https:\\\/\\\/www.eurogroupconsulting.com\\\/en\\\/#organization\"},\"potentialAction\":[{\"@type\":\"SearchAction\",\"target\":{\"@type\":\"EntryPoint\",\"urlTemplate\":\"https:\\\/\\\/www.eurogroupconsulting.com\\\/en\\\/?s={search_term_string}\"},\"query-input\":{\"@type\":\"PropertyValueSpecification\",\"valueRequired\":true,\"valueName\":\"search_term_string\"}}],\"inLanguage\":\"en-US\"},{\"@type\":\"Organization\",\"@id\":\"https:\\\/\\\/www.eurogroupconsulting.com\\\/en\\\/#organization\",\"name\":\"Eurogroup Consulting\",\"url\":\"https:\\\/\\\/www.eurogroupconsulting.com\\\/en\\\/\",\"logo\":{\"@type\":\"ImageObject\",\"inLanguage\":\"en-US\",\"@id\":\"https:\\\/\\\/www.eurogroupconsulting.com\\\/en\\\/#\\\/schema\\\/logo\\\/image\\\/\",\"url\":\"https:\\\/\\\/www.eurogroupconsulting.com\\\/wp-content\\\/uploads\\\/2025\\\/07\\\/logo-header-light.png\",\"contentUrl\":\"https:\\\/\\\/www.eurogroupconsulting.com\\\/wp-content\\\/uploads\\\/2025\\\/07\\\/logo-header-light.png\",\"width\":260,\"height\":256,\"caption\":\"Eurogroup Consulting\"},\"image\":{\"@id\":\"https:\\\/\\\/www.eurogroupconsulting.com\\\/en\\\/#\\\/schema\\\/logo\\\/image\\\/\"}}]}<\/script>\n<!-- \/ Yoast SEO plugin. -->","yoast_head_json":{"title":"Legal Notice - Eurogroup Consulting","robots":{"index":"index","follow":"follow","max-snippet":"max-snippet:-1","max-image-preview":"max-image-preview:large","max-video-preview":"max-video-preview:-1"},"canonical":"https:\/\/www.eurogroupconsulting.com\/en\/legal-notice","og_locale":"en_US","og_type":"article","og_title":"Mentions Legales - Eurogroup Consulting","og_description":"Mentions l\u00e9gales Editeur\u202f:\u00a0\u00a0 Eurogroup Consulting, soci\u00e9t\u00e9 par actions simplifi\u00e9e \u00e0 capital social variable au capital social minimum de 450 000 \u20ac, situ\u00e9 au 25 quai du Pr\u00e9sident Paul Doumer, 92400, Courbevoie, immatricul\u00e9e au RCS de Nanterre sous le num\u00e9ro 323 912 998, FR87323912998\u00a0 T\u00e9l\u00e9phone\u202f: 01 49 07 57 00\u00a0\u00a0 Adresse \u00e9lectronique\u202f: contact@eurogroupconsulting.com\u00a0 Directrice de la [&hellip;]","og_url":"https:\/\/www.eurogroupconsulting.com\/en\/legal-notice","og_site_name":"Eurogroup Consulting","article_modified_time":"2025-12-10T14:48:54+00:00","og_image":[{"width":1000,"height":563,"url":"https:\/\/www.eurogroupconsulting.com\/wp-content\/uploads\/2025\/09\/empty-thumbnail.webp","type":"image\/webp"}],"twitter_card":"summary_large_image","twitter_misc":{"Est. reading time":"3 minutes"},"schema":{"@context":"https:\/\/schema.org","@graph":[{"@type":"WebPage","@id":"https:\/\/www.eurogroupconsulting.com\/en\/mentions-legales","url":"https:\/\/www.eurogroupconsulting.com\/en\/mentions-legales","name":"Legal Notice - Eurogroup Consulting","isPartOf":{"@id":"https:\/\/www.eurogroupconsulting.com\/en\/#website"},"primaryImageOfPage":{"@id":"https:\/\/www.eurogroupconsulting.com\/en\/mentions-legales#primaryimage"},"image":{"@id":"https:\/\/www.eurogroupconsulting.com\/en\/mentions-legales#primaryimage"},"thumbnailUrl":"https:\/\/www.eurogroupconsulting.com\/wp-content\/uploads\/2025\/09\/empty-thumbnail.webp","datePublished":"2025-12-09T15:07:06+00:00","dateModified":"2025-12-10T14:48:54+00:00","breadcrumb":{"@id":"https:\/\/www.eurogroupconsulting.com\/en\/mentions-legales#breadcrumb"},"inLanguage":"en-US","potentialAction":[{"@type":"ReadAction","target":["https:\/\/www.eurogroupconsulting.com\/en\/mentions-legales"]}]},{"@type":"ImageObject","inLanguage":"en-US","@id":"https:\/\/www.eurogroupconsulting.com\/en\/mentions-legales#primaryimage","url":"https:\/\/www.eurogroupconsulting.com\/wp-content\/uploads\/2025\/09\/empty-thumbnail.webp","contentUrl":"https:\/\/www.eurogroupconsulting.com\/wp-content\/uploads\/2025\/09\/empty-thumbnail.webp","width":1000,"height":563},{"@type":"BreadcrumbList","@id":"https:\/\/www.eurogroupconsulting.com\/en\/mentions-legales#breadcrumb","itemListElement":[{"@type":"ListItem","position":1,"name":"Home","item":"https:\/\/www.eurogroupconsulting.com\/"},{"@type":"ListItem","position":2,"name":"Mentions Legales"}]},{"@type":"WebSite","@id":"https:\/\/www.eurogroupconsulting.com\/en\/#website","url":"https:\/\/www.eurogroupconsulting.com\/en\/","name":"Eurogroup Consulting","description":"Leading Positive Transformation","publisher":{"@id":"https:\/\/www.eurogroupconsulting.com\/en\/#organization"},"potentialAction":[{"@type":"SearchAction","target":{"@type":"EntryPoint","urlTemplate":"https:\/\/www.eurogroupconsulting.com\/en\/?s={search_term_string}"},"query-input":{"@type":"PropertyValueSpecification","valueRequired":true,"valueName":"search_term_string"}}],"inLanguage":"en-US"},{"@type":"Organization","@id":"https:\/\/www.eurogroupconsulting.com\/en\/#organization","name":"Eurogroup Consulting","url":"https:\/\/www.eurogroupconsulting.com\/en\/","logo":{"@type":"ImageObject","inLanguage":"en-US","@id":"https:\/\/www.eurogroupconsulting.com\/en\/#\/schema\/logo\/image\/","url":"https:\/\/www.eurogroupconsulting.com\/wp-content\/uploads\/2025\/07\/logo-header-light.png","contentUrl":"https:\/\/www.eurogroupconsulting.com\/wp-content\/uploads\/2025\/07\/logo-header-light.png","width":260,"height":256,"caption":"Eurogroup Consulting"},"image":{"@id":"https:\/\/www.eurogroupconsulting.com\/en\/#\/schema\/logo\/image\/"}}]}},"_links":{"self":[{"href":"https:\/\/www.eurogroupconsulting.com\/en\/wp-json\/wp\/v2\/pages\/8372","targetHints":{"allow":["GET"]}}],"collection":[{"href":"https:\/\/www.eurogroupconsulting.com\/en\/wp-json\/wp\/v2\/pages"}],"about":[{"href":"https:\/\/www.eurogroupconsulting.com\/en\/wp-json\/wp\/v2\/types\/page"}],"author":[{"embeddable":true,"href":"https:\/\/www.eurogroupconsulting.com\/en\/wp-json\/wp\/v2\/users\/1"}],"replies":[{"embeddable":true,"href":"https:\/\/www.eurogroupconsulting.com\/en\/wp-json\/wp\/v2\/comments?post=8372"}],"version-history":[{"count":16,"href":"https:\/\/www.eurogroupconsulting.com\/en\/wp-json\/wp\/v2\/pages\/8372\/revisions"}],"predecessor-version":[{"id":8602,"href":"https:\/\/www.eurogroupconsulting.com\/en\/wp-json\/wp\/v2\/pages\/8372\/revisions\/8602"}],"wp:featuredmedia":[{"embeddable":true,"href":"https:\/\/www.eurogroupconsulting.com\/en\/wp-json\/wp\/v2\/media\/5628"}],"wp:attachment":[{"href":"https:\/\/www.eurogroupconsulting.com\/en\/wp-json\/wp\/v2\/media?parent=8372"}],"curies":[{"name":"wp","href":"https:\/\/api.w.org\/{rel}","templated":true}]}}