{"id":545,"date":"2025-07-14T15:07:45","date_gmt":"2025-07-14T15:07:45","guid":{"rendered":"https:\/\/www.eurogroupconsulting.com\/?page_id=545"},"modified":"2025-12-23T15:44:34","modified_gmt":"2025-12-23T14:44:34","slug":"the-firm","status":"publish","type":"page","link":"https:\/\/www.eurogroupconsulting.com\/en\/le-cabinet","title":{"rendered":"The Office"},"content":{"rendered":"","protected":false},"excerpt":{"rendered":"","protected":false},"author":1,"featured_media":5628,"parent":0,"menu_order":0,"comment_status":"closed","ping_status":"closed","template":"","meta":{"_acf_changed":false,"footnotes":""},"class_list":["post-545","page","type-page","status-publish","has-post-thumbnail","hentry"],"acf":[],"yoast_head":"<!-- This site is optimized with the Yoast SEO plugin v27.3 - https:\/\/yoast.com\/product\/yoast-seo-wordpress\/ -->\n<title>Le Cabinet - Eurogroup Consulting<\/title>\n<meta name=\"description\" content=\"Notre cabinet s\u2019appuie sur la confiance, la responsabilit\u00e9 et la proximit\u00e9. Nos \u00e9quipes agissent main dans la main avec nos clients.\" \/>\n<meta name=\"robots\" content=\"index, follow, max-snippet:-1, max-image-preview:large, max-video-preview:-1\" \/>\n<link rel=\"canonical\" href=\"https:\/\/www.eurogroupconsulting.com\/en\/the-firm\" \/>\n<meta property=\"og:locale\" content=\"en_US\" \/>\n<meta property=\"og:type\" content=\"article\" \/>\n<meta property=\"og:title\" content=\"Le Cabinet - Eurogroup Consulting\" \/>\n<meta property=\"og:description\" content=\"Notre cabinet s\u2019appuie sur la confiance, la responsabilit\u00e9 et la proximit\u00e9. Nos \u00e9quipes agissent main dans la main avec nos clients.\" \/>\n<meta property=\"og:url\" content=\"https:\/\/www.eurogroupconsulting.com\/en\/the-firm\" \/>\n<meta property=\"og:site_name\" content=\"Eurogroup Consulting\" \/>\n<meta property=\"article:modified_time\" content=\"2025-12-23T14:44:34+00:00\" \/>\n<meta name=\"twitter:card\" content=\"summary_large_image\" \/>\n<script type=\"application\/ld+json\" class=\"yoast-schema-graph\">{\"@context\":\"https:\\\/\\\/schema.org\",\"@graph\":[{\"@type\":\"WebPage\",\"@id\":\"https:\\\/\\\/www.eurogroupconsulting.com\\\/en\\\/le-cabinet\",\"url\":\"https:\\\/\\\/www.eurogroupconsulting.com\\\/en\\\/le-cabinet\",\"name\":\"Le Cabinet - Eurogroup Consulting\",\"isPartOf\":{\"@id\":\"https:\\\/\\\/www.eurogroupconsulting.com\\\/en\\\/#website\"},\"primaryImageOfPage\":{\"@id\":\"https:\\\/\\\/www.eurogroupconsulting.com\\\/en\\\/le-cabinet#primaryimage\"},\"image\":{\"@id\":\"https:\\\/\\\/www.eurogroupconsulting.com\\\/en\\\/le-cabinet#primaryimage\"},\"thumbnailUrl\":\"https:\\\/\\\/www.eurogroupconsulting.com\\\/wp-content\\\/uploads\\\/2025\\\/09\\\/empty-thumbnail.webp\",\"datePublished\":\"2025-07-14T15:07:45+00:00\",\"dateModified\":\"2025-12-23T14:44:34+00:00\",\"description\":\"Notre cabinet s\u2019appuie sur la confiance, la responsabilit\u00e9 et la proximit\u00e9. Nos \u00e9quipes agissent main dans la main avec nos clients.\",\"breadcrumb\":{\"@id\":\"https:\\\/\\\/www.eurogroupconsulting.com\\\/en\\\/le-cabinet#breadcrumb\"},\"inLanguage\":\"en-US\",\"potentialAction\":[{\"@type\":\"ReadAction\",\"target\":[\"https:\\\/\\\/www.eurogroupconsulting.com\\\/en\\\/le-cabinet\"]}]},{\"@type\":\"ImageObject\",\"inLanguage\":\"en-US\",\"@id\":\"https:\\\/\\\/www.eurogroupconsulting.com\\\/en\\\/le-cabinet#primaryimage\",\"url\":\"https:\\\/\\\/www.eurogroupconsulting.com\\\/wp-content\\\/uploads\\\/2025\\\/09\\\/empty-thumbnail.webp\",\"contentUrl\":\"https:\\\/\\\/www.eurogroupconsulting.com\\\/wp-content\\\/uploads\\\/2025\\\/09\\\/empty-thumbnail.webp\",\"width\":1000,\"height\":563},{\"@type\":\"BreadcrumbList\",\"@id\":\"https:\\\/\\\/www.eurogroupconsulting.com\\\/en\\\/le-cabinet#breadcrumb\",\"itemListElement\":[{\"@type\":\"ListItem\",\"position\":1,\"name\":\"Home\",\"item\":\"https:\\\/\\\/www.eurogroupconsulting.com\\\/\"},{\"@type\":\"ListItem\",\"position\":2,\"name\":\"Le Cabinet\"}]},{\"@type\":\"WebSite\",\"@id\":\"https:\\\/\\\/www.eurogroupconsulting.com\\\/en\\\/#website\",\"url\":\"https:\\\/\\\/www.eurogroupconsulting.com\\\/en\\\/\",\"name\":\"Eurogroup Consulting\",\"description\":\"Leading Positive Transformation\",\"publisher\":{\"@id\":\"https:\\\/\\\/www.eurogroupconsulting.com\\\/en\\\/#organization\"},\"potentialAction\":[{\"@type\":\"SearchAction\",\"target\":{\"@type\":\"EntryPoint\",\"urlTemplate\":\"https:\\\/\\\/www.eurogroupconsulting.com\\\/en\\\/?s={search_term_string}\"},\"query-input\":{\"@type\":\"PropertyValueSpecification\",\"valueRequired\":true,\"valueName\":\"search_term_string\"}}],\"inLanguage\":\"en-US\"},{\"@type\":\"Organization\",\"@id\":\"https:\\\/\\\/www.eurogroupconsulting.com\\\/en\\\/#organization\",\"name\":\"Eurogroup Consulting\",\"url\":\"https:\\\/\\\/www.eurogroupconsulting.com\\\/en\\\/\",\"logo\":{\"@type\":\"ImageObject\",\"inLanguage\":\"en-US\",\"@id\":\"https:\\\/\\\/www.eurogroupconsulting.com\\\/en\\\/#\\\/schema\\\/logo\\\/image\\\/\",\"url\":\"https:\\\/\\\/www.eurogroupconsulting.com\\\/wp-content\\\/uploads\\\/2025\\\/07\\\/logo-header-light.png\",\"contentUrl\":\"https:\\\/\\\/www.eurogroupconsulting.com\\\/wp-content\\\/uploads\\\/2025\\\/07\\\/logo-header-light.png\",\"width\":260,\"height\":256,\"caption\":\"Eurogroup Consulting\"},\"image\":{\"@id\":\"https:\\\/\\\/www.eurogroupconsulting.com\\\/en\\\/#\\\/schema\\\/logo\\\/image\\\/\"}}]}<\/script>\n<!-- \/ Yoast SEO plugin. -->","yoast_head_json":{"title":"The firm - Eurogroup Consulting","description":"Our firm is built on trust, responsibility and proximity. Our teams work hand in hand with our customers.","robots":{"index":"index","follow":"follow","max-snippet":"max-snippet:-1","max-image-preview":"max-image-preview:large","max-video-preview":"max-video-preview:-1"},"canonical":"https:\/\/www.eurogroupconsulting.com\/en\/the-firm","og_locale":"en_US","og_type":"article","og_title":"Le Cabinet - Eurogroup Consulting","og_description":"Notre cabinet s\u2019appuie sur la confiance, la responsabilit\u00e9 et la proximit\u00e9. Nos \u00e9quipes agissent main dans la main avec nos clients.","og_url":"https:\/\/www.eurogroupconsulting.com\/en\/the-firm","og_site_name":"Eurogroup Consulting","article_modified_time":"2025-12-23T14:44:34+00:00","twitter_card":"summary_large_image","schema":{"@context":"https:\/\/schema.org","@graph":[{"@type":"WebPage","@id":"https:\/\/www.eurogroupconsulting.com\/en\/le-cabinet","url":"https:\/\/www.eurogroupconsulting.com\/en\/le-cabinet","name":"The firm - Eurogroup Consulting","isPartOf":{"@id":"https:\/\/www.eurogroupconsulting.com\/en\/#website"},"primaryImageOfPage":{"@id":"https:\/\/www.eurogroupconsulting.com\/en\/le-cabinet#primaryimage"},"image":{"@id":"https:\/\/www.eurogroupconsulting.com\/en\/le-cabinet#primaryimage"},"thumbnailUrl":"https:\/\/www.eurogroupconsulting.com\/wp-content\/uploads\/2025\/09\/empty-thumbnail.webp","datePublished":"2025-07-14T15:07:45+00:00","dateModified":"2025-12-23T14:44:34+00:00","description":"Our firm is built on trust, responsibility and proximity. Our teams work hand in hand with our customers.","breadcrumb":{"@id":"https:\/\/www.eurogroupconsulting.com\/en\/le-cabinet#breadcrumb"},"inLanguage":"en-US","potentialAction":[{"@type":"ReadAction","target":["https:\/\/www.eurogroupconsulting.com\/en\/le-cabinet"]}]},{"@type":"ImageObject","inLanguage":"en-US","@id":"https:\/\/www.eurogroupconsulting.com\/en\/le-cabinet#primaryimage","url":"https:\/\/www.eurogroupconsulting.com\/wp-content\/uploads\/2025\/09\/empty-thumbnail.webp","contentUrl":"https:\/\/www.eurogroupconsulting.com\/wp-content\/uploads\/2025\/09\/empty-thumbnail.webp","width":1000,"height":563},{"@type":"BreadcrumbList","@id":"https:\/\/www.eurogroupconsulting.com\/en\/le-cabinet#breadcrumb","itemListElement":[{"@type":"ListItem","position":1,"name":"Home","item":"https:\/\/www.eurogroupconsulting.com\/"},{"@type":"ListItem","position":2,"name":"Le Cabinet"}]},{"@type":"WebSite","@id":"https:\/\/www.eurogroupconsulting.com\/en\/#website","url":"https:\/\/www.eurogroupconsulting.com\/en\/","name":"Eurogroup Consulting","description":"Leading Positive Transformation","publisher":{"@id":"https:\/\/www.eurogroupconsulting.com\/en\/#organization"},"potentialAction":[{"@type":"SearchAction","target":{"@type":"EntryPoint","urlTemplate":"https:\/\/www.eurogroupconsulting.com\/en\/?s={search_term_string}"},"query-input":{"@type":"PropertyValueSpecification","valueRequired":true,"valueName":"search_term_string"}}],"inLanguage":"en-US"},{"@type":"Organization","@id":"https:\/\/www.eurogroupconsulting.com\/en\/#organization","name":"Eurogroup Consulting","url":"https:\/\/www.eurogroupconsulting.com\/en\/","logo":{"@type":"ImageObject","inLanguage":"en-US","@id":"https:\/\/www.eurogroupconsulting.com\/en\/#\/schema\/logo\/image\/","url":"https:\/\/www.eurogroupconsulting.com\/wp-content\/uploads\/2025\/07\/logo-header-light.png","contentUrl":"https:\/\/www.eurogroupconsulting.com\/wp-content\/uploads\/2025\/07\/logo-header-light.png","width":260,"height":256,"caption":"Eurogroup Consulting"},"image":{"@id":"https:\/\/www.eurogroupconsulting.com\/en\/#\/schema\/logo\/image\/"}}]}},"_links":{"self":[{"href":"https:\/\/www.eurogroupconsulting.com\/en\/wp-json\/wp\/v2\/pages\/545","targetHints":{"allow":["GET"]}}],"collection":[{"href":"https:\/\/www.eurogroupconsulting.com\/en\/wp-json\/wp\/v2\/pages"}],"about":[{"href":"https:\/\/www.eurogroupconsulting.com\/en\/wp-json\/wp\/v2\/types\/page"}],"author":[{"embeddable":true,"href":"https:\/\/www.eurogroupconsulting.com\/en\/wp-json\/wp\/v2\/users\/1"}],"replies":[{"embeddable":true,"href":"https:\/\/www.eurogroupconsulting.com\/en\/wp-json\/wp\/v2\/comments?post=545"}],"version-history":[{"count":1,"href":"https:\/\/www.eurogroupconsulting.com\/en\/wp-json\/wp\/v2\/pages\/545\/revisions"}],"predecessor-version":[{"id":546,"href":"https:\/\/www.eurogroupconsulting.com\/en\/wp-json\/wp\/v2\/pages\/545\/revisions\/546"}],"wp:featuredmedia":[{"embeddable":true,"href":"https:\/\/www.eurogroupconsulting.com\/en\/wp-json\/wp\/v2\/media\/5628"}],"wp:attachment":[{"href":"https:\/\/www.eurogroupconsulting.com\/en\/wp-json\/wp\/v2\/media?parent=545"}],"curies":[{"name":"wp","href":"https:\/\/api.w.org\/{rel}","templated":true}]}}